{"id":179,"date":"2014-03-13T13:51:09","date_gmt":"2014-03-13T12:51:09","guid":{"rendered":"http:\/\/www.klausschuster.eu\/?page_id=179"},"modified":"2017-07-26T10:10:26","modified_gmt":"2017-07-26T08:10:26","slug":"der-freche-vogel","status":"publish","type":"page","link":"https:\/\/www.klausschuster.eu\/de\/buecher\/der-freche-vogel\/","title":{"rendered":"Der freche Vogel"},"content":{"rendered":"<p><strong>Der freche Vogel f\u00e4ngt den Wurm<br \/>\n<\/strong>7 \u00fcberraschende F\u00fchrungsprinzipien f\u00fcr mutige Manager<strong><br \/>\n<\/strong><span style=\"font-size: x-small;\">ISBN: 978-3-86881-038-7\u00a0<\/span><br \/>\n<span style=\"font-size: x-small;\">Redline Verlag, M\u00fcnchen 2010<\/span><\/p>\n<p>Wer h\u00e4tte gedacht, dass man mit Laissez-faire, L\u00e4stigkeit oder schlechtem Benehmen mehr erreicht als mit herk\u00f6mmlichen Managementprinzipien? Und dass Die-Sau-rauslassen, Es-sich-leicht-machen oder Den-Vorstand-vergessen sich durchaus positiv auf die eigene Karriere auswirken k\u00f6nnen?<\/p>\n<p>Dieses Buch liefert sieben erfrischend freche und au\u00dfergew\u00f6hnliche Wege, um im Management weiterzukommen \u2013 n\u00e4mlich genau jene, an die die klassische Lehre nicht einmal zu denken wagt. Die Prinzipien sind bestechend einfach, aber ihre Umsetzung erfordert eine geh\u00f6rige Portion Mut.<\/p>\n<p>Manager-Coach Klaus Schuster r\u00e4t: Trauen Sie sich doch einfach! Denn wohl\u00fcberlegte Frechheit siegt und setzt sich gegen den Mainstream durch. Super-Manager zeichnen sich gerade dadurch aus, dass sie sich was trauen \u2013 nicht irgendetwas, sondern genau das Richtige.<\/p>\n<p><a title=\"Der freche Vogel f\u00e4ngt den Wurm :: Buch bestsellen\" href=\"https:\/\/www.amazon.de\/gp\/product\/3868812725\/ref=as_li_ss_tl?ie=UTF8&amp;camp=1638&amp;creative=19454&amp;creativeASIN=3868812725&amp;linkCode=as2&amp;tag=klausschusman-21\" target=\"_blank\">Buch bestellen<\/a><img loading=\"lazy\" decoding=\"async\" class=\"zoifldjgickbrbwbzyln idmdpkvdvigbwkjboyrw\" style=\"border: none !important; margin: 0px !important;\" alt=\"\" src=\"https:\/\/www.assoc-amazon.de\/e\/ir?t=klausschusman-21&amp;l=as2&amp;o=3&amp;a=3868812725\" width=\"1\" height=\"1\" border=\"0\" \/> | <a title=\"Der freche Vogel f\u00e4ngt den Wurm E-book\" href=\"https:\/\/www.amazon.de\/gp\/product\/B005CV5UKC\/ref=as_li_ss_tl?ie=UTF8&amp;camp=1638&amp;creative=19454&amp;creativeASIN=B005CV5UKC&amp;linkCode=as2&amp;tag=klausschusman-21\" target=\"_blank\">E-Book (Kindle) bestellen<\/a><img loading=\"lazy\" decoding=\"async\" class=\"zoifldjgickbrbwbzyln idmdpkvdvigbwkjboyrw\" style=\"border: none !important; margin: 0px !important;\" alt=\"\" src=\"https:\/\/www.assoc-amazon.de\/e\/ir?t=klausschusman-21&amp;l=as2&amp;o=3&amp;a=B005CV5UKC\" width=\"1\" height=\"1\" border=\"0\" \/> | <a title=\"Leseprobe als PDF | Der freche Vogel f\u00e4ngt den Wurm\" href=\"https:\/\/www.klausschuster.eu\/wp-content\/uploads\/2014\/03\/Der-freche-Vogel_Inhalt_Leseprobe.pdf\" target=\"_blank\">Leseprobe als PDF<\/a><\/p>","protected":false},"excerpt":{"rendered":"<p>Der freche Vogel f\u00e4ngt den Wurm 7 \u00fcberraschende F\u00fchrungsprinzipien f\u00fcr mutige Manager ISBN: 978-3-86881-038-7\u00a0 Redline Verlag, M\u00fcnchen 2010 Wer h\u00e4tte gedacht, dass man mit Laissez-faire, L\u00e4stigkeit oder schlechtem Benehmen mehr erreicht als mit herk\u00f6mmlichen Managementprinzipien? Und dass Die-Sau-rauslassen, Es-sich-leicht-machen oder Den-Vorstand-vergessen sich durchaus positiv auf die eigene Karriere auswirken k\u00f6nnen? Dieses Buch liefert sieben erfrischend [&hellip;]<\/p>\n","protected":false},"author":1,"featured_media":356,"parent":14,"menu_order":2,"comment_status":"closed","ping_status":"closed","template":"page-fea-sub.php","meta":{"footnotes":""},"class_list":["post-179","page","type-page","status-publish","has-post-thumbnail","hentry"],"_links":{"self":[{"href":"https:\/\/www.klausschuster.eu\/de\/wp-json\/wp\/v2\/pages\/179","targetHints":{"allow":["GET"]}}],"collection":[{"href":"https:\/\/www.klausschuster.eu\/de\/wp-json\/wp\/v2\/pages"}],"about":[{"href":"https:\/\/www.klausschuster.eu\/de\/wp-json\/wp\/v2\/types\/page"}],"author":[{"embeddable":true,"href":"https:\/\/www.klausschuster.eu\/de\/wp-json\/wp\/v2\/users\/1"}],"replies":[{"embeddable":true,"href":"https:\/\/www.klausschuster.eu\/de\/wp-json\/wp\/v2\/comments?post=179"}],"version-history":[{"count":2,"href":"https:\/\/www.klausschuster.eu\/de\/wp-json\/wp\/v2\/pages\/179\/revisions"}],"predecessor-version":[{"id":845,"href":"https:\/\/www.klausschuster.eu\/de\/wp-json\/wp\/v2\/pages\/179\/revisions\/845"}],"up":[{"embeddable":true,"href":"https:\/\/www.klausschuster.eu\/de\/wp-json\/wp\/v2\/pages\/14"}],"wp:featuredmedia":[{"embeddable":true,"href":"https:\/\/www.klausschuster.eu\/de\/wp-json\/wp\/v2\/media\/356"}],"wp:attachment":[{"href":"https:\/\/www.klausschuster.eu\/de\/wp-json\/wp\/v2\/media?parent=179"}],"curies":[{"name":"wp","href":"https:\/\/api.w.org\/{rel}","templated":true}]}}