{"id":187,"date":"2014-03-13T14:06:17","date_gmt":"2014-03-13T13:06:17","guid":{"rendered":"http:\/\/www.klausschuster.eu\/?page_id=187"},"modified":"2014-06-02T09:48:04","modified_gmt":"2014-06-02T07:48:04","slug":"kontakt","status":"publish","type":"page","link":"https:\/\/www.klausschuster.eu\/de\/kontakt\/","title":{"rendered":"Kontakt"},"content":{"rendered":"<p><\/p>\n<p align=\"left\">Wenn Sie jetzt sofort Kontakt mit uns aufnehmen m\u00f6chten rufen Sie uns an, Telefon +386.14234263 oder +386.40439536. Wir freuen uns darauf.<\/p>\n<p><strong>Sie w\u00fcnschen weitere Informationen?<\/strong><\/p>\n<p>Dann\u00a0<a title=\"office@klausschuster.eu\" href=\"mailto:office@klausschuster.eu\">schreiben Sie uns<\/a>\u00a0doch einfach. Wir werden uns umgehend bei Ihnen melden.<\/p>\n<p><strong>Call Back Funktion<\/strong><\/p>\n<p>Wenn Sie uns hier Ihren Namen, Ihre Telefonnummer und einen R\u00fcckrufzeitraum mitteilen, dann rufen wir Sie gerne an und beantworten Ihre Fragen.<\/p>\n\n<div class=\"wpcf7 no-js\" id=\"wpcf7-f212-o1\" lang=\"sl-SI\" dir=\"ltr\" data-wpcf7-id=\"212\">\n<div class=\"screen-reader-response\"><p role=\"status\" aria-live=\"polite\" aria-atomic=\"true\"><\/p> <ul><\/ul><\/div>\n<form action=\"\/de\/wp-json\/wp\/v2\/pages\/187#wpcf7-f212-o1\" method=\"post\" class=\"wpcf7-form init\" aria-label=\"Contact form\" novalidate=\"novalidate\" data-status=\"init\">\n<fieldset class=\"hidden-fields-container\"><input type=\"hidden\" name=\"_wpcf7\" value=\"212\" \/><input type=\"hidden\" name=\"_wpcf7_version\" value=\"6.1.5\" \/><input type=\"hidden\" name=\"_wpcf7_locale\" value=\"sl_SI\" \/><input type=\"hidden\" name=\"_wpcf7_unit_tag\" value=\"wpcf7-f212-o1\" \/><input type=\"hidden\" name=\"_wpcf7_container_post\" value=\"0\" \/><input type=\"hidden\" name=\"_wpcf7_posted_data_hash\" value=\"\" \/>\n<\/fieldset>\n<table class=\"obrazec\">\n\t<tr>\n\t\t<td valign=\"top\">\n\t\t\t<p>Anrede\n\t\t\t<\/p>\n\t\t<\/td>\n\t\t<td valign=\"top\">\n\t\t\t<p><span class=\"wpcf7-form-control-wrap\" data-name=\"anrede\"><select class=\"wpcf7-form-control wpcf7-select wpcf7-validates-as-required\" aria-required=\"true\" aria-invalid=\"false\" name=\"anrede\"><option value=\"Herr\">Herr<\/option><option value=\"Frau\">Frau<\/option><\/select><\/span>\n\t\t\t<\/p>\n\t\t<\/td>\n\t<\/tr>\n\t<tr>\n\t\t<td valign=\"top\">\n\t\t\t<p>Nachname\n\t\t\t<\/p>\n\t\t<\/td>\n\t\t<td valign=\"top\">\n\t\t\t<p><span class=\"wpcf7-form-control-wrap\" data-name=\"nachname\"><input size=\"40\" maxlength=\"400\" class=\"wpcf7-form-control wpcf7-text wpcf7-validates-as-required\" aria-required=\"true\" aria-invalid=\"false\" value=\"\" type=\"text\" name=\"nachname\" \/><\/span>\n\t\t\t<\/p>\n\t\t<\/td>\n\t<\/tr>\n\t<tr>\n\t\t<td valign=\"top\">\n\t\t\t<p>Vorname\n\t\t\t<\/p>\n\t\t<\/td>\n\t\t<td valign=\"top\">\n\t\t\t<p><span class=\"wpcf7-form-control-wrap\" data-name=\"vorname\"><input size=\"40\" maxlength=\"400\" class=\"wpcf7-form-control wpcf7-text wpcf7-validates-as-required\" aria-required=\"true\" aria-invalid=\"false\" value=\"\" type=\"text\" name=\"vorname\" \/><\/span>\n\t\t\t<\/p>\n\t\t<\/td>\n\t<\/tr>\n\t<tr>\n\t\t<td valign=\"top\">\n\t\t\t<p>Firma\n\t\t\t<\/p>\n\t\t<\/td>\n\t\t<td valign=\"top\">\n\t\t\t<p><span class=\"wpcf7-form-control-wrap\" data-name=\"firma\"><input size=\"40\" maxlength=\"400\" class=\"wpcf7-form-control wpcf7-text wpcf7-validates-as-required\" aria-required=\"true\" aria-invalid=\"false\" value=\"\" type=\"text\" name=\"firma\" \/><\/span>\n\t\t\t<\/p>\n\t\t<\/td>\n\t<\/tr>\n\t<tr>\n\t\t<td valign=\"top\">\n\t\t\t<p>Telefon\n\t\t\t<\/p>\n\t\t<\/td>\n\t\t<td valign=\"top\">\n\t\t\t<p><span class=\"wpcf7-form-control-wrap\" data-name=\"tel\"><input size=\"40\" maxlength=\"400\" class=\"wpcf7-form-control wpcf7-tel wpcf7-validates-as-required wpcf7-text wpcf7-validates-as-tel\" aria-required=\"true\" aria-invalid=\"false\" value=\"\" type=\"tel\" name=\"tel\" \/><\/span>\n\t\t\t<\/p>\n\t\t<\/td>\n\t<\/tr>\n\t<tr>\n\t\t<td valign=\"top\">\n\t\t\t<p>E-Mail\n\t\t\t<\/p>\n\t\t<\/td>\n\t\t<td valign=\"top\">\n\t\t\t<p><span class=\"wpcf7-form-control-wrap\" data-name=\"e-mail\"><input size=\"40\" maxlength=\"400\" class=\"wpcf7-form-control wpcf7-email wpcf7-validates-as-required wpcf7-text wpcf7-validates-as-email\" aria-required=\"true\" aria-invalid=\"false\" value=\"\" type=\"email\" name=\"e-mail\" \/><\/span>\n\t\t\t<\/p>\n\t\t<\/td>\n\t<\/tr>\n\t<tr>\n\t\t<td valign=\"top\">\n\t\t\t<p>Bemerkung \/ Anfrage\n\t\t\t<\/p>\n\t\t<\/td>\n\t\t<td valign=\"top\">\n\t\t\t<p><span class=\"wpcf7-form-control-wrap\" data-name=\"bemerkung-anfrage\"><textarea cols=\"40\" rows=\"10\" maxlength=\"2000\" class=\"wpcf7-form-control wpcf7-textarea\" aria-invalid=\"false\" name=\"bemerkung-anfrage\"><\/textarea><\/span>\n\t\t\t<\/p>\n\t\t<\/td>\n\t<\/tr>\n\t<tr>\n\t\t<td valign=\"top\">\n\t\t\t<p>Anrufzeit von\n\t\t\t<\/p>\n\t\t<\/td>\n\t\t<td valign=\"top\">\n\t\t\t<p><span class=\"wpcf7-form-control-wrap\" data-name=\"od\"><select class=\"wpcf7-form-control wpcf7-select\" aria-invalid=\"false\" name=\"od\"><option value=\"7.00\">7.00<\/option><option value=\"8.00\">8.00<\/option><option value=\"9.00\">9.00<\/option><option value=\"10.00\">10.00<\/option><option value=\"11.00\">11.00<\/option><option value=\"12.00\">12.00<\/option><option value=\"13.00\">13.00<\/option><option value=\"14.00\">14.00<\/option><option value=\"15.00\">15.00<\/option><option value=\"16.00\">16.00<\/option><option value=\"17.00\">17.00<\/option><option value=\"18.00\">18.00<\/option><option value=\"19.00\">19.00<\/option><option value=\"20.00\">20.00<\/option><option value=\"21.00\">21.00<\/option><option value=\"22.00\">22.00<\/option><\/select><\/span> bis <span class=\"wpcf7-form-control-wrap\" data-name=\"do\"><select class=\"wpcf7-form-control wpcf7-select\" aria-invalid=\"false\" name=\"do\"><option value=\"8.00\">8.00<\/option><option value=\"9.00\">9.00<\/option><option value=\"10.00\">10.00<\/option><option value=\"11.00\">11.00<\/option><option value=\"12.00\">12.00<\/option><option value=\"13.00\">13.00<\/option><option value=\"14.00\">14.00<\/option><option value=\"15.00\">15.00<\/option><option value=\"16.00\">16.00<\/option><option value=\"17.00\">17.00<\/option><option value=\"18.00\">18.00<\/option><option value=\"19.00\">19.00<\/option><option value=\"20.00\">20.00<\/option><option value=\"21.00\">21.00<\/option><option value=\"22.00\">22.00<\/option><option value=\"23.00\">23.00<\/option><\/select><\/span>\n\t\t\t<\/p>\n\t\t<\/td>\n\t<\/tr>\n\t<tr>\n\t\t<td valign=\"top\">\n\t\t\t<p>Sicherheitscode\n\t\t\t<\/p>\n\t\t<\/td>\n\t\t<td valign=\"top\">\n\t\t\t<p><input type=\"hidden\" name=\"_wpcf7_captcha_challenge_captcha-940\" value=\"2011446374\" \/><img loading=\"lazy\" decoding=\"async\" class=\"wpcf7-form-control wpcf7-captchac wpcf7-captcha-captcha-940\" width=\"72\" height=\"24\" alt=\"captcha\" src=\"https:\/\/www.klausschuster.eu\/wp-content\/uploads\/wpcf7_captcha\/2011446374.png\" \/><br \/>\n<span class=\"wpcf7-form-control-wrap\" data-name=\"captcha-940\"><input size=\"40\" class=\"wpcf7-form-control wpcf7-captchar\" autocomplete=\"off\" aria-invalid=\"false\" value=\"\" type=\"text\" name=\"captcha-940\" \/><\/span>\n\t\t\t<\/p>\n\t\t<\/td>\n\t<\/tr>\n\t<tr>\n\t\t<td colspan=\"2\" align=\"center\">\n\t\t\t<p><input class=\"wpcf7-form-control wpcf7-submit has-spinner\" type=\"submit\" value=\"Senden\" \/>\n\t\t\t<\/p>\n\t\t<\/td>\n\t<\/tr>\n<\/table>\n<p><small>S\u00e4mtliche Angaben werden nur zur Beantwortung Ihrer Anfrage verwendet, streng vertraulich behandelt und Dritten nicht zug\u00e4nglich gemacht. Um Ihre Anfrage bearbeiten zu k\u00f6nnen, bitten wir Sie h\u00f6flichst alle Felder auszuf\u00fcllen.<\/small>\n<\/p><div class=\"wpcf7-response-output\" aria-hidden=\"true\"><\/div>\n<\/form>\n<\/div>\n\n<p><strong>Datenschutz<\/strong><\/p>\n<p>Ihr Vertrauen ist uns heilig! Wir verwenden Ihre Daten selbstverst\u00e4ndlich nur daf\u00fcr, dass Sie wunschgem\u00e4\u00df alle aktuellen Informationen erhalten. Deshalb garantieren wir Ihnen auch, dass Ihre Daten nicht an Dritte weitergeben werden.<\/p>","protected":false},"excerpt":{"rendered":"<p>Wenn Sie jetzt sofort Kontakt mit uns aufnehmen m\u00f6chten rufen Sie uns an, Telefon +386.14234263 oder +386.40439536. Wir freuen uns darauf. Sie w\u00fcnschen weitere Informationen? Dann\u00a0schreiben Sie uns\u00a0doch einfach. Wir werden uns umgehend bei Ihnen melden. Call Back Funktion Wenn Sie uns hier Ihren Namen, Ihre Telefonnummer und einen R\u00fcckrufzeitraum mitteilen, dann rufen wir Sie [&hellip;]<\/p>\n","protected":false},"author":1,"featured_media":0,"parent":0,"menu_order":0,"comment_status":"closed","ping_status":"closed","template":"","meta":{"footnotes":""},"class_list":["post-187","page","type-page","status-publish","hentry"],"_links":{"self":[{"href":"https:\/\/www.klausschuster.eu\/de\/wp-json\/wp\/v2\/pages\/187","targetHints":{"allow":["GET"]}}],"collection":[{"href":"https:\/\/www.klausschuster.eu\/de\/wp-json\/wp\/v2\/pages"}],"about":[{"href":"https:\/\/www.klausschuster.eu\/de\/wp-json\/wp\/v2\/types\/page"}],"author":[{"embeddable":true,"href":"https:\/\/www.klausschuster.eu\/de\/wp-json\/wp\/v2\/users\/1"}],"replies":[{"embeddable":true,"href":"https:\/\/www.klausschuster.eu\/de\/wp-json\/wp\/v2\/comments?post=187"}],"version-history":[{"count":2,"href":"https:\/\/www.klausschuster.eu\/de\/wp-json\/wp\/v2\/pages\/187\/revisions"}],"predecessor-version":[{"id":742,"href":"https:\/\/www.klausschuster.eu\/de\/wp-json\/wp\/v2\/pages\/187\/revisions\/742"}],"wp:attachment":[{"href":"https:\/\/www.klausschuster.eu\/de\/wp-json\/wp\/v2\/media?parent=187"}],"curies":[{"name":"wp","href":"https:\/\/api.w.org\/{rel}","templated":true}]}}