{"id":254,"date":"2014-03-17T15:28:01","date_gmt":"2014-03-17T14:28:01","guid":{"rendered":"http:\/\/www.klausschuster.eu\/?page_id=254&#038;lang=en"},"modified":"2017-07-26T10:11:25","modified_gmt":"2017-07-26T08:11:25","slug":"wenn-manager-mist-bauen","status":"publish","type":"page","link":"https:\/\/www.klausschuster.eu\/de\/buecher\/wenn-manager-mist-bauen\/","title":{"rendered":"Wenn Manager Mist bauen"},"content":{"rendered":"<p><strong>Wenn Manager Mist bauen<br \/>\n<\/strong>Die f\u00fcnf schlimmsten Fehler \u2013 und wie Sie diese verhindern<br \/>\n<span style=\"font-size: x-small;\">ISBN:\u00a0978-3-86881-530-6\u00a0<\/span><br \/>\n<span style=\"font-size: x-small;\">Redline Verlag, M\u00fcnchen 2014<\/span><\/p>\n<p>Warum produziert das Management heutzutage so viel Mist? Es wird auf allen Ebenen wahnsinnig viel gelabert, analysiert, geplant, gemeetet aber bewegt wird nur noch wenig und das oft zu langsam und zu kompliziert.<\/p>\n<p>Viele Manager wurschteln munter vor sich hin. Aber sie tun nicht (mehr), was getan werden muss. Was h\u00e4lt intelligente, kompetente F\u00fchrungskr\u00e4fte, Leistungstr\u00e4ger, High Potentials, Young Professionals, M\u00fctter, V\u00e4ter und andere vern\u00fcnftige Leute davon ab, das zu tun, was getan werden muss? Daf\u00fcr gibt es viele gute Gr\u00fcnde? Nein.<\/p>\n<p>Es gibt eigentlich nur f\u00fcnf; ganz pragmatisch an den Fingern einer Hand abzuz\u00e4hlen. Diese f\u00fcnf schlimmen Finger sind schuld, wenn Manager sich auf die Nase legen. Diese f\u00fcnf Ausrutscher sind allgegenw\u00e4rtig. Und: Sie sind vermeidbar. Passenderweise mit der 5-Finger-Methode, die Klaus Schuster humorvoll, mit vielen Praxisbeispielen und praktischen Handreichungen in seinem neuesten Buch vermittelt.<\/p>\n<p><a title=\"Wenn Manager Mist bauen \/ Buch bestellen\" href=\"https:\/\/www.amazon.de\/Wenn-Manager-Mist-bauen-schlimmsten\/dp\/3868815309\/ref=sr_1_1?ie=UTF8&amp;qid=1395048679&amp;sr=8-1&amp;keywords=wenn+managers+mist+bauen&amp;tag=klausschusman-21\" target=\"_blank\">Buch bestellen<\/a> | <a title=\"Wenn Manager Mist bauen :: E-book\" href=\"https:\/\/www.amazon.de\/Wenn-Manager-Mist-bauen-schlimmsten-ebook\/dp\/B00INTLGXK\/ref=tmm_kin_title_0?ie=UTF8&amp;qid=1395048679&amp;sr=8-1&amp;tag=klausschusman-21\" target=\"_blank\">E-Book (Kindle) bestellen<\/a><img loading=\"lazy\" decoding=\"async\" class=\"zoifldjgickbrbwbzyln idmdpkvdvigbwkjboyrw\" style=\"border: none !important; margin: 0px !important;\" alt=\"\" src=\"https:\/\/www.assoc-amazon.de\/e\/ir?t=klausschusman-21&amp;l=as2&amp;o=3&amp;a=B008OC1SFW\" width=\"1\" height=\"1\" border=\"0\" \/>\u00a0|\u00a0<a title=\"Leseprobe als PDF :: Wenn Manager Mist bauen\" href=\"https:\/\/www.klausschuster.eu\/wp-content\/uploads\/2014\/03\/Schuster_Wenn-Manager_Mist-bauen_Leseprobe.pdf\" target=\"_blank\">Leseprobe als PDF<\/a><\/p>","protected":false},"excerpt":{"rendered":"<p>Wenn Manager Mist bauen Die f\u00fcnf schlimmsten Fehler \u2013 und wie Sie diese verhindern ISBN:\u00a0978-3-86881-530-6\u00a0 Redline Verlag, M\u00fcnchen 2014 Warum produziert das Management heutzutage so viel Mist? Es wird auf allen Ebenen wahnsinnig viel gelabert, analysiert, geplant, gemeetet aber bewegt wird nur noch wenig und das oft zu langsam und zu kompliziert. Viele Manager wurschteln [&hellip;]<\/p>\n","protected":false},"author":2,"featured_media":367,"parent":14,"menu_order":4,"comment_status":"closed","ping_status":"closed","template":"page-fea-sub.php","meta":{"footnotes":""},"class_list":["post-254","page","type-page","status-publish","has-post-thumbnail","hentry"],"_links":{"self":[{"href":"https:\/\/www.klausschuster.eu\/de\/wp-json\/wp\/v2\/pages\/254","targetHints":{"allow":["GET"]}}],"collection":[{"href":"https:\/\/www.klausschuster.eu\/de\/wp-json\/wp\/v2\/pages"}],"about":[{"href":"https:\/\/www.klausschuster.eu\/de\/wp-json\/wp\/v2\/types\/page"}],"author":[{"embeddable":true,"href":"https:\/\/www.klausschuster.eu\/de\/wp-json\/wp\/v2\/users\/2"}],"replies":[{"embeddable":true,"href":"https:\/\/www.klausschuster.eu\/de\/wp-json\/wp\/v2\/comments?post=254"}],"version-history":[{"count":2,"href":"https:\/\/www.klausschuster.eu\/de\/wp-json\/wp\/v2\/pages\/254\/revisions"}],"predecessor-version":[{"id":847,"href":"https:\/\/www.klausschuster.eu\/de\/wp-json\/wp\/v2\/pages\/254\/revisions\/847"}],"up":[{"embeddable":true,"href":"https:\/\/www.klausschuster.eu\/de\/wp-json\/wp\/v2\/pages\/14"}],"wp:featuredmedia":[{"embeddable":true,"href":"https:\/\/www.klausschuster.eu\/de\/wp-json\/wp\/v2\/media\/367"}],"wp:attachment":[{"href":"https:\/\/www.klausschuster.eu\/de\/wp-json\/wp\/v2\/media?parent=254"}],"curies":[{"name":"wp","href":"https:\/\/api.w.org\/{rel}","templated":true}]}}