{"id":46,"date":"2014-03-04T13:23:52","date_gmt":"2014-03-04T12:23:52","guid":{"rendered":"http:\/\/www.klausschuster.eu\/?page_id=46"},"modified":"2018-11-26T07:53:24","modified_gmt":"2018-11-26T06:53:24","slug":"home","status":"publish","type":"page","link":"https:\/\/www.klausschuster.eu\/de\/","title":{"rendered":"A letter from Klaus"},"content":{"rendered":"<p>Eigentlich wollte ich kein neues Buch schreiben. \u201eF\u00fcnf sind genug!\u201c, hab ich zu meinem Verleger gesagt. Dann aber kamen Sie. In den letzten Monaten habe ich so viel \u00fcber machtgeile Chefs, entscheidungsarthritische Verantwortliche, bescheuerte KollegInnen und grenz\u00fcbergriffige Kunden h\u00f6ren m\u00fcssen, dass ich nicht anders konnte.<\/p>\n<p>Schlechte Chefs gab es schon immer. Aber in letzter Zeit wurde aus der leichten Affektiertheit die galoppierende Schwindsucht: So kann das nicht weitergehen! Dachte ich mir. Und schrieb. Und jetzt ist es da. Das Anti-Arschloch-Handbuch, mit dem Sie aus einem notorischen Mistkerl oder einer ausgewiesenen Zickenchefin einen passablen Vorgesetzten, eine vertr\u00e4gliche Chefin machen.<\/p>\n<p>Ich arbeite derzeit an f\u00fcnf Projekten parallel. Ich schaffe das nur, weil ich mit hoch kompetenten Teams arbeiten darf. Und weil ich mir M\u00fche gebe, kein Arsch zu sein. Das kommt nicht von selber. Das muss man\/frau wollen. Und sich ein wenig mit den \u00fcblichen Arschloch-Fallen im F\u00fchrungsalltag auskennen.<\/p>\n<p>Auch im neuesten meiner B\u00fccher stammt ein Gro\u00dfteil der Praxisbeispiele wieder von Ihnen, liebe Leserinnen und Leser. Herzlichen Dank daf\u00fcr \u2013 Sie werden sich wiedererkennen. Und wenn Ihnen beim Lesen andere \u00fcble Episoden und schlimme Anekdoten mit dem einen oder anderen Katastrophen-Chef einfallen: Z\u00f6gern Sie nicht, sie mit mir zu teilen. Ich freue mich \u00fcber jede Mail.<\/p>\n<p>Und ich freue mich, wenn Sie nach der Buchlekt\u00fcre aus einem schwachen Chef einen passablen, ja sogar einen starken Vorgesetzten machen oder einfach viel besser mit der unerquicklichen Situation umgehen k\u00f6nnen. Damit Sie wieder Freude an der Arbeit haben. Das w\u00fcnsche ich Ihnen.<\/p>\n<p>Ihr Klaus Schuster<\/p>\n<p><img loading=\"lazy\" decoding=\"async\" class=\"size-full wp-image-50 alignleft\" title=\"Klaus Schuster\" src=\"https:\/\/www.klausschuster.eu\/wp-content\/uploads\/2014\/03\/sign.png\" alt=\"Klaus Schuster\" width=\"177\" height=\"82\" \/><\/p>","protected":false},"excerpt":{"rendered":"<p>Eigentlich wollte ich kein neues Buch schreiben. \u201eF\u00fcnf sind genug!\u201c, hab ich zu meinem Verleger gesagt. Dann aber kamen Sie. In den letzten Monaten habe ich so viel \u00fcber machtgeile Chefs, entscheidungsarthritische Verantwortliche, bescheuerte KollegInnen und grenz\u00fcbergriffige Kunden h\u00f6ren m\u00fcssen, dass ich nicht anders konnte. Schlechte Chefs gab es schon immer. Aber in letzter Zeit [&hellip;]<\/p>\n","protected":false},"author":1,"featured_media":516,"parent":0,"menu_order":0,"comment_status":"closed","ping_status":"closed","template":"","meta":{"footnotes":""},"class_list":["post-46","page","type-page","status-publish","has-post-thumbnail","hentry"],"_links":{"self":[{"href":"https:\/\/www.klausschuster.eu\/de\/wp-json\/wp\/v2\/pages\/46","targetHints":{"allow":["GET"]}}],"collection":[{"href":"https:\/\/www.klausschuster.eu\/de\/wp-json\/wp\/v2\/pages"}],"about":[{"href":"https:\/\/www.klausschuster.eu\/de\/wp-json\/wp\/v2\/types\/page"}],"author":[{"embeddable":true,"href":"https:\/\/www.klausschuster.eu\/de\/wp-json\/wp\/v2\/users\/1"}],"replies":[{"embeddable":true,"href":"https:\/\/www.klausschuster.eu\/de\/wp-json\/wp\/v2\/comments?post=46"}],"version-history":[{"count":2,"href":"https:\/\/www.klausschuster.eu\/de\/wp-json\/wp\/v2\/pages\/46\/revisions"}],"predecessor-version":[{"id":896,"href":"https:\/\/www.klausschuster.eu\/de\/wp-json\/wp\/v2\/pages\/46\/revisions\/896"}],"wp:featuredmedia":[{"embeddable":true,"href":"https:\/\/www.klausschuster.eu\/de\/wp-json\/wp\/v2\/media\/516"}],"wp:attachment":[{"href":"https:\/\/www.klausschuster.eu\/de\/wp-json\/wp\/v2\/media?parent=46"}],"curies":[{"name":"wp","href":"https:\/\/api.w.org\/{rel}","templated":true}]}}