{"id":6,"date":"2014-03-04T10:33:32","date_gmt":"2014-03-04T09:33:32","guid":{"rendered":"http:\/\/www.klausschuster.eu\/?page_id=6"},"modified":"2014-06-02T09:47:09","modified_gmt":"2014-06-02T07:47:09","slug":"coaching","status":"publish","type":"page","link":"https:\/\/www.klausschuster.eu\/de\/coaching\/","title":{"rendered":"Coaching"},"content":{"rendered":"<p><\/p>\n<table border=\"0\">\n<tbody>\n<tr>\n<td valign=\"top\" width=\"110\"><img loading=\"lazy\" decoding=\"async\" class=\"alignnone size-full wp-image-492\" title=\"Klaus Schuster Coacing\" alt=\"Klaus Schuster Coacing\" src=\"http:\/\/www.klausschuster.eu\/wp-content\/uploads\/2014\/03\/Klaus-Schuster-Coacing.jpg\" width=\"94\" height=\"94\" srcset=\"https:\/\/www.klausschuster.eu\/wp-content\/uploads\/2014\/03\/Klaus-Schuster-Coacing.jpg 94w, https:\/\/www.klausschuster.eu\/wp-content\/uploads\/2014\/03\/Klaus-Schuster-Coacing-90x90.jpg 90w\" sizes=\"auto, (max-width: 94px) 100vw, 94px\" \/><\/td>\n<td valign=\"top\">\n<h2>Das Erfolgs-Coaching<\/h2>\n<p>Lassen Sie uns feststellen: Sie haben Erfolg. Sonst w\u00e4ren Sie nicht da, wo Sie jetzt sind. Lassen Sie uns weiter feststellen: Mit Coaching haben Sie noch schneller, leichter, mehr Erfolg. Sie steigern Ihre Leistung. Sie machen weniger Fehler. Sie werden souver\u00e4ner. Sie stemmen Projekte schneller. Sie l\u00f6sen Probleme leichter. Sie meistern Herausforderungen besser. Sie entfalten Ihr gesamtes Potenzial. Sie verwirklichen Ihre pers\u00f6nlichen W\u00fcnsche und Tr\u00e4ume.<\/p>\n<p>Aus diesem Grund und aus diesem Grund allein gibt es Coaching. Coaching ist der K\u00f6nigsweg zu (mehr) Erfolg in allen Belangen.<\/p>\n<h3>Ihr pers\u00f6nliches Erfolgs-Coaching:<\/h3>\n<p>Z\u00e4hlen Sie auf mich. Wann immer Sie \u2026<\/p>\n<ul>\n<li>vor schwierigen Herausforderungen stehen, die Sie mit einem erfahrenen Coach im R\u00fccken sehr viel schneller, leichter und erfolgreicher bew\u00e4ltigen k\u00f6nnen,<\/li>\n<li>Ihre Karriere in die richtigen Bahnen lenken, endlich den Karrieresprung schaffen oder ein Karriere-Plateau hinter sich bringen wollen,<\/li>\n<li>sich vom Alltagskram in der F\u00fchrung \u00fcberrollt f\u00fchlen und neue Wege suchen, um mit mehr Spa\u00df und Motivation mehr Erfolg und weniger Stress zu haben,<\/li>\n<li>als Unternehmer neue Ideen, Innovationen und Investitionen fernab des Tagesgesch\u00e4fts mit einem verschwiegenen und erfahrenen Strategiepartner besprechen m\u00f6chten.<\/li>\n<\/ul>\n<p>Sie haben ein anderes Anliegen? Wunderbar. Z\u00e4hlen Sie auf mich. Vereinbaren Sie einen Termin (s.u.).<\/p>\n<h3>Das Erfolgs-Coaching f\u00fcr Ihr Team:<\/h3>\n<p>Mit einem Coaching f\u00fcr Ihr Team, einen High Potential, einen Young Professional oder eine unterstellte F\u00fchrungskraft&#8230;<\/p>\n<ul>\n<li>laufen Ihre Projekte endlich wie am Schn\u00fcrchen<\/li>\n<li>erreichen Sie Ihre Umsatz- und Leistungsziele leichter<\/li>\n<li>wenden Sie den drohenden Burnout eines High Potential ab<\/li>\n<li>bekommen Sie Ihr Team vor, w\u00e4hrend und nach Krisen auf Kurs<\/li>\n<li>entschlacken Sie Ihre Prozesse, gewinnen Sie Effizienz und<\/li>\n<li>verbessern ganz nebenbei Ihr Betriebsklima, weil Erfolg UND Motivation steigen<\/li>\n<\/ul>\n<p>Es gibt einen kleinen Unterschied. Kaum eine(r) kennt ihn. Doch dieser kleine Unterschied macht den gro\u00dfen Unterschied: Beratung <i>ist nicht<\/i> Coaching. Nirgends erfahren Sie diesen entscheidenden Unterschied eindr\u00fccklicher als wenn es um Ihre Teams, Mitarbeiter und unterstellten F\u00fchrungskr\u00e4fte geht.<\/p>\n<p>Ein Berater w\u00fcrde ihnen erz\u00e4hlen, was sie alles falsch machen und wie sie es richtig machen. Das mache ich nicht \u2013 die Hand drauf. Weil ich Sie genauso gut mit vorgehaltener Pistole um Ihre Geldb\u00f6rse bitten k\u00f6nnte: Das ist Raub. Niemand hat jemals etwas besser gemacht \u2013 blo\u00df weil es ihm erz\u00e4hlt wurde (sonst g\u00e4be es keine Raucher und Couch Potatoes). Deshalb mache ich das nicht.<\/p>\n<p>Ich doziere nicht vom hohen Ross herunter, sondern packe mit Ihrem Team oder Coachee die hei\u00dfen Eisen aktiv mit an. Gemeinsam krempeln wir die \u00c4rmel auf und packen die Herausforderungen an.\u00a0So lernen Ihre Leute nicht blo\u00df, wie sie besser werden <i>k\u00f6nnen<\/i> \u2013 sie <i>werden <\/i>es auch. \u00dcberzeugen Sie sich.<\/td>\n<\/tr>\n<tr>\n<td valign=\"top\"><img loading=\"lazy\" decoding=\"async\" class=\"alignnone size-full wp-image-489\" title=\"Das Erfolgs-Coaching\" alt=\"Das Erfolgs-Coaching\" src=\"http:\/\/www.klausschuster.eu\/wp-content\/uploads\/2014\/03\/Tina-Poje.jpg\" width=\"94\" height=\"94\" srcset=\"https:\/\/www.klausschuster.eu\/wp-content\/uploads\/2014\/03\/Tina-Poje.jpg 94w, https:\/\/www.klausschuster.eu\/wp-content\/uploads\/2014\/03\/Tina-Poje-90x90.jpg 90w\" sizes=\"auto, (max-width: 94px) 100vw, 94px\" \/><\/td>\n<td valign=\"top\"><b>Das Erfolgs-Coaching: Was kann ich f\u00fcr Sie oder Ihre Mitarbeiter tun?<\/b><\/p>\n<p>Zeigen Sie mir die Aufgabe! F\u00fcr eine erste Kontaktaufnahme freut sich Tina Poje auf Ihren\u00a0Anruf\u00a0unter +386.40439536 oder Ihre\u00a0<a href=\"mailto:tp@klausschuster.eu\">E-Mail<\/a>.<\/td>\n<\/tr>\n<\/tbody>\n<\/table>\n<p><\/p>","protected":false},"excerpt":{"rendered":"<p>Das Erfolgs-Coaching Lassen Sie uns feststellen: Sie haben Erfolg. Sonst w\u00e4ren Sie nicht da, wo Sie jetzt sind. Lassen Sie uns weiter feststellen: Mit Coaching haben Sie noch schneller, leichter, mehr Erfolg. Sie steigern Ihre Leistung. Sie machen weniger Fehler. Sie werden souver\u00e4ner. Sie stemmen Projekte schneller. Sie l\u00f6sen Probleme leichter. Sie meistern Herausforderungen besser. [&hellip;]<\/p>\n","protected":false},"author":1,"featured_media":0,"parent":0,"menu_order":0,"comment_status":"closed","ping_status":"closed","template":"","meta":{"footnotes":""},"class_list":["post-6","page","type-page","status-publish","hentry"],"_links":{"self":[{"href":"https:\/\/www.klausschuster.eu\/de\/wp-json\/wp\/v2\/pages\/6","targetHints":{"allow":["GET"]}}],"collection":[{"href":"https:\/\/www.klausschuster.eu\/de\/wp-json\/wp\/v2\/pages"}],"about":[{"href":"https:\/\/www.klausschuster.eu\/de\/wp-json\/wp\/v2\/types\/page"}],"author":[{"embeddable":true,"href":"https:\/\/www.klausschuster.eu\/de\/wp-json\/wp\/v2\/users\/1"}],"replies":[{"embeddable":true,"href":"https:\/\/www.klausschuster.eu\/de\/wp-json\/wp\/v2\/comments?post=6"}],"version-history":[{"count":2,"href":"https:\/\/www.klausschuster.eu\/de\/wp-json\/wp\/v2\/pages\/6\/revisions"}],"predecessor-version":[{"id":739,"href":"https:\/\/www.klausschuster.eu\/de\/wp-json\/wp\/v2\/pages\/6\/revisions\/739"}],"wp:attachment":[{"href":"https:\/\/www.klausschuster.eu\/de\/wp-json\/wp\/v2\/media?parent=6"}],"curies":[{"name":"wp","href":"https:\/\/api.w.org\/{rel}","templated":true}]}}