{"id":66,"date":"2014-03-06T12:01:09","date_gmt":"2014-03-06T11:01:09","guid":{"rendered":"http:\/\/www.klausschuster.eu\/?page_id=66"},"modified":"2017-07-26T10:10:57","modified_gmt":"2017-07-26T08:10:57","slug":"book-1","status":"publish","type":"page","link":"https:\/\/www.klausschuster.eu\/de\/buecher\/keinen-bock-mehr\/","title":{"rendered":"Keinen Bock mehr?"},"content":{"rendered":"<p><strong>Keinen Bock mehr?<\/strong><br \/>\nMehr Spa\u00df und Motivation im Management<strong><br \/>\n<\/strong><span style=\"font-size: x-small;\">ISBN 978-3-86881-327-2\u00a0<\/span><br \/>\n<span style=\"font-size: x-small;\">Redline Verlag, M\u00fcnchen 2012<\/span><\/p>\n<p><strong>Das freche Management-Tool<\/strong><br \/>\nF\u00fchrungskr\u00e4fte streben nach fetten Boni und protzigen Karossen. Sie sind umgeben von einer Armada Kaffee kochender Sekret\u00e4rinnen und lassen es auf Dienstreisen krachen. Das ist das schiefe Bild des Managements in der \u00d6ffentlichkeit.<\/p>\n<p>Doch was viele Managerinnen und Manager wirklich suchen, sind nicht Macht und Statussymbole. Spa\u00df im Job ist das, was F\u00fchrungskr\u00e4fte am meisten vermissen. Erfolgsdruck, Sachzwang und Fremdbestimmung sind der Alltag. Der Spa\u00df bleibt auf der Strecke. Immer mehr Manager landen auf der Couch und beim Kardiologen.<\/p>\n<p>Keine Lust mehr auf den Knochenjob?\u00a0<span style=\"line-height: 1.5;\">Schluss mit der Tretm\u00fchle!<\/span><\/p>\n<p>Wie man Spa\u00dfbremsen l\u00f6st, ohne fl\u00fcchtigen Verf\u00fchrungen auf den Leim zu gehen: Klaus Schuster kennt die besten Strategien f\u00fcr mehr Erfolg durch weniger Stress.<\/p>\n<p><em>Keinen Bock mehr?<\/em>\u00a0ist freches Management-Tool und cleverer Coach in einem.<\/p>\n<p><a title=\"Buch bestellen - Keinen Bock mehr?\" href=\"https:\/\/www.amazon.de\/gp\/product\/3868813276\/ref=as_li_ss_tl?ie=UTF8&amp;camp=1638&amp;creative=19454&amp;creativeASIN=3868813276&amp;linkCode=as2&amp;tag=klausschusman-21\" target=\"_blank\">Buch bestellen<\/a><img loading=\"lazy\" decoding=\"async\" alt=\"\" src=\"https:\/\/www.assoc-amazon.de\/e\/ir?t=klausschusman-21&amp;l=as2&amp;o=3&amp;a=3868813276\" width=\"1\" height=\"1\" border=\"0\" \/>\u00a0|\u00a0<a title=\"E-book | Keinen Bock mehr?\" href=\"https:\/\/www.amazon.de\/gp\/product\/B0074WCY7O\/ref=as_li_ss_tl?ie=UTF8&amp;camp=1638&amp;creative=19454&amp;creativeASIN=B0074WCY7O&amp;linkCode=as2&amp;tag=klausschusman-21\" target=\"_blank\">E-Book (Kindle) bestellen<\/a><img loading=\"lazy\" decoding=\"async\" alt=\"\" src=\"https:\/\/www.assoc-amazon.de\/e\/ir?t=klausschusman-21&amp;l=as2&amp;o=3&amp;a=B0074WCY7O\" width=\"1\" height=\"1\" border=\"0\" \/>\u00a0|\u00a0<a title=\"Leseprobe als PDF :: Keinen Bock mehr?\" href=\"https:\/\/www.klausschuster.eu\/wp-content\/uploads\/2014\/03\/Keinen-Bock-mehr_Leseprobe.pdf\" target=\"_blank\">Leseprobe als PDF<\/a>\u00a0|\u00a0<a title=\"Film zum Buch Keinen Bock mehr?\" href=\"https:\/\/youtu.be\/V-9nGu2v6wMf\" target=\"_blank\">Film zum Buch<\/a><\/p>","protected":false},"excerpt":{"rendered":"<p>Keinen Bock mehr? Mehr Spa\u00df und Motivation im Management ISBN 978-3-86881-327-2\u00a0 Redline Verlag, M\u00fcnchen 2012 Das freche Management-Tool F\u00fchrungskr\u00e4fte streben nach fetten Boni und protzigen Karossen. Sie sind umgeben von einer Armada Kaffee kochender Sekret\u00e4rinnen und lassen es auf Dienstreisen krachen. Das ist das schiefe Bild des Managements in der \u00d6ffentlichkeit. Doch was viele Managerinnen [&hellip;]<\/p>\n","protected":false},"author":1,"featured_media":357,"parent":14,"menu_order":3,"comment_status":"closed","ping_status":"closed","template":"page-fea-sub.php","meta":{"footnotes":""},"class_list":["post-66","page","type-page","status-publish","has-post-thumbnail","hentry"],"_links":{"self":[{"href":"https:\/\/www.klausschuster.eu\/de\/wp-json\/wp\/v2\/pages\/66","targetHints":{"allow":["GET"]}}],"collection":[{"href":"https:\/\/www.klausschuster.eu\/de\/wp-json\/wp\/v2\/pages"}],"about":[{"href":"https:\/\/www.klausschuster.eu\/de\/wp-json\/wp\/v2\/types\/page"}],"author":[{"embeddable":true,"href":"https:\/\/www.klausschuster.eu\/de\/wp-json\/wp\/v2\/users\/1"}],"replies":[{"embeddable":true,"href":"https:\/\/www.klausschuster.eu\/de\/wp-json\/wp\/v2\/comments?post=66"}],"version-history":[{"count":2,"href":"https:\/\/www.klausschuster.eu\/de\/wp-json\/wp\/v2\/pages\/66\/revisions"}],"predecessor-version":[{"id":846,"href":"https:\/\/www.klausschuster.eu\/de\/wp-json\/wp\/v2\/pages\/66\/revisions\/846"}],"up":[{"embeddable":true,"href":"https:\/\/www.klausschuster.eu\/de\/wp-json\/wp\/v2\/pages\/14"}],"wp:featuredmedia":[{"embeddable":true,"href":"https:\/\/www.klausschuster.eu\/de\/wp-json\/wp\/v2\/media\/357"}],"wp:attachment":[{"href":"https:\/\/www.klausschuster.eu\/de\/wp-json\/wp\/v2\/media?parent=66"}],"curies":[{"name":"wp","href":"https:\/\/api.w.org\/{rel}","templated":true}]}}