{"id":69,"date":"2014-03-06T12:05:08","date_gmt":"2014-03-06T11:05:08","guid":{"rendered":"http:\/\/www.klausschuster.eu\/?page_id=69"},"modified":"2017-07-26T10:09:37","modified_gmt":"2017-07-26T08:09:37","slug":"book-2","status":"publish","type":"page","link":"https:\/\/www.klausschuster.eu\/de\/buecher\/11-managementsunden\/","title":{"rendered":"11 Managements\u00fcnden"},"content":{"rendered":"<p><strong>11 Managements\u00fcnden, die Sie vermeiden sollten<br \/>\n<\/strong>Wie F\u00fchrungskr\u00e4fte sich um Karriere, Verstand, Ehepartner und Spa\u00df bringen<strong><br \/>\n<\/strong><span style=\"font-size: x-small;\">ISBN: 978-3-86881-038-7\u00a0<\/span><br \/>\n<span style=\"font-size: x-small;\">Redline Verlag, M\u00fcnchen 2009<\/span><\/p>\n<p>Man trifft sie in jedem Unternehmen: F\u00fchrungskr\u00e4fte, die am liebsten alles selber machen und glauben, die anderen k\u00f6nnen rein gar nichts. Sie h\u00fcten s\u00e4mtliche Informationen wie Staatsgeheimnisse, halten Mitarbeitermotivation f\u00fcr unproduktive Gef\u00fchlsduselei und machen so den Berufsalltag f\u00fcr sich und alle anderen zur H\u00f6lle.<\/p>\n<p>Klaus Schuster bringt in seinem Buch diese und andere Missst\u00e4nde auf den Punkt und beschreibt mit viel Humor die elf h\u00e4ufigsten S\u00fcnden im Management. Dabei zeigt er ganz konkret, dass es auch anders geht.<\/p>\n<p><a title=\"11 Managements\u00fcnden Buch bestellen\" href=\"https:\/\/www.amazon.de\/gp\/product\/3868810382\/ref=as_li_ss_tl?ie=UTF8&amp;camp=1638&amp;creative=19454&amp;creativeASIN=3868810382&amp;linkCode=as2&amp;tag=klausschusman-21\" target=\"_blank\">Buch bestellen<\/a><img loading=\"lazy\" decoding=\"async\" class=\"zoifldjgickbrbwbzyln idmdpkvdvigbwkjboyrw\" style=\"border: none !important; margin: 0px !important;\" src=\"https:\/\/www.assoc-amazon.de\/e\/ir?t=klausschusman-21&amp;l=as2&amp;o=3&amp;a=3868810382\" alt=\"\" width=\"1\" height=\"1\" border=\"0\" \/> | <a title=\"11 Managements\u00fcnden E-book\" href=\"https:\/\/www.amazon.de\/gp\/product\/B008OC1SFW\/ref=as_li_ss_tl?ie=UTF8&amp;camp=1638&amp;creative=19454&amp;creativeASIN=B008OC1SFW&amp;linkCode=as2&amp;tag=klausschusman-21\" target=\"_blank\">E-Book (Kindle) bestellen<\/a><img loading=\"lazy\" decoding=\"async\" class=\"zoifldjgickbrbwbzyln idmdpkvdvigbwkjboyrw\" style=\"border: none !important; margin: 0px !important;\" src=\"https:\/\/www.assoc-amazon.de\/e\/ir?t=klausschusman-21&amp;l=as2&amp;o=3&amp;a=B008OC1SFW\" alt=\"\" width=\"1\" height=\"1\" border=\"0\" \/> | <a title=\"Leseprobe als PDF 11 Managements\u00fcnden\" href=\"https:\/\/www.klausschuster.eu\/wp-content\/uploads\/2014\/03\/11Managementsunden_Inhalt_Leseprobe.pdf\" target=\"_blank\">Leseprobe als PDF<\/a>\u00a0|\u00a0<a title=\"Film zum Buch 11 Managements\u00fcnden\" href=\"https:\/\/www.youtube.com\/watch?v=HMbYor-MXWI&amp;feature=share&amp;list=PL5E87D7491932A01E\" target=\"_blank\">Film zum Buch<\/a><\/p>","protected":false},"excerpt":{"rendered":"<p>11 Managements\u00fcnden, die Sie vermeiden sollten Wie F\u00fchrungskr\u00e4fte sich um Karriere, Verstand, Ehepartner und Spa\u00df bringen ISBN: 978-3-86881-038-7\u00a0 Redline Verlag, M\u00fcnchen 2009 Man trifft sie in jedem Unternehmen: F\u00fchrungskr\u00e4fte, die am liebsten alles selber machen und glauben, die anderen k\u00f6nnen rein gar nichts. Sie h\u00fcten s\u00e4mtliche Informationen wie Staatsgeheimnisse, halten Mitarbeitermotivation f\u00fcr unproduktive Gef\u00fchlsduselei und [&hellip;]<\/p>\n","protected":false},"author":1,"featured_media":355,"parent":14,"menu_order":1,"comment_status":"closed","ping_status":"closed","template":"page-fea-sub.php","meta":{"footnotes":""},"class_list":["post-69","page","type-page","status-publish","has-post-thumbnail","hentry"],"_links":{"self":[{"href":"https:\/\/www.klausschuster.eu\/de\/wp-json\/wp\/v2\/pages\/69","targetHints":{"allow":["GET"]}}],"collection":[{"href":"https:\/\/www.klausschuster.eu\/de\/wp-json\/wp\/v2\/pages"}],"about":[{"href":"https:\/\/www.klausschuster.eu\/de\/wp-json\/wp\/v2\/types\/page"}],"author":[{"embeddable":true,"href":"https:\/\/www.klausschuster.eu\/de\/wp-json\/wp\/v2\/users\/1"}],"replies":[{"embeddable":true,"href":"https:\/\/www.klausschuster.eu\/de\/wp-json\/wp\/v2\/comments?post=69"}],"version-history":[{"count":2,"href":"https:\/\/www.klausschuster.eu\/de\/wp-json\/wp\/v2\/pages\/69\/revisions"}],"predecessor-version":[{"id":844,"href":"https:\/\/www.klausschuster.eu\/de\/wp-json\/wp\/v2\/pages\/69\/revisions\/844"}],"up":[{"embeddable":true,"href":"https:\/\/www.klausschuster.eu\/de\/wp-json\/wp\/v2\/pages\/14"}],"wp:featuredmedia":[{"embeddable":true,"href":"https:\/\/www.klausschuster.eu\/de\/wp-json\/wp\/v2\/media\/355"}],"wp:attachment":[{"href":"https:\/\/www.klausschuster.eu\/de\/wp-json\/wp\/v2\/media?parent=69"}],"curies":[{"name":"wp","href":"https:\/\/api.w.org\/{rel}","templated":true}]}}