{"id":758,"date":"2014-07-02T08:52:35","date_gmt":"2014-07-02T06:52:35","guid":{"rendered":"http:\/\/www.klausschuster.eu\/sl\/?page_id=758"},"modified":"2017-07-26T10:11:56","modified_gmt":"2017-07-26T08:11:56","slug":"manager-krankheiten","status":"publish","type":"page","link":"https:\/\/www.klausschuster.eu\/de\/buecher\/manager-krankheiten\/","title":{"rendered":"Manager-Krankheiten"},"content":{"rendered":"<p><strong>Manager-Krankheiten<br \/>\n<\/strong>Von A wie Alphatier-Tollwut bis Z wie Zampanitis<strong><br \/>\n<\/strong><span style=\"font-size: x-small;\">ISBN: 978-3-86881-540-5<br \/>\nRedline Verlag, M\u00fcnchen 2014<\/span><\/p>\n<p>Haarstr\u00e4ubende Geschichten \u00fcber irrsinnig erscheinende Chefs \u2013 wer kennt sie nicht? Da sind beispielsweise die acht hochbezahlten F\u00fchrungskr\u00e4fte, die stundenlang bei Kaffee und Kuchen \u00fcber unbeantwortete Mahnungen schwadronieren, anstatt vorher zu kontrollieren, ob besagte Mahnungen \u00fcberhaupt verschickt wurden. Oder die Managerin, die sich jeden Freitagabend fast einen Bruch hebt, weil sie alle ungelesenen Memos, Richtlinien und Hausmitteilungen mit nach Hause nimmt, nur um sie am Montag \u2013 immer noch ungelesen, versteht sich \u2013 wieder zur\u00fcckzuschleppen.<\/p>\n<p>Klaus Schuster wei\u00df, was diese F\u00fchrungskr\u00e4fte wirklich qu\u00e4lt: Sie sind krank! Zur Diagnose und Heilung hat er s\u00e4mtliche Manager-Krankheiten in diesem Buch zusammengetragen. Ob nun den \u00bbC\u00e4saren-Wahn\u00ab oder das \u00bbMick-Jagger-Syndrom\u00ab, Schuster kennt die Krankheitsbilder alle und z\u00e4hlt sie mit ihren Symptomen, Ursachen und Therapie-M\u00f6glichkeiten in der f\u00fcr ihn typischen, humoristischen Weise auf. Denn es hei\u00dft schlie\u00dflich nicht umsonst: Lachen ist die beste Therapie!<\/p>\n<p><a title=\"11 Managements\u00fcnden Buch bestellen\" href=\"https:\/\/www.amazon.de\/Manager-Krankheiten-Von-wie-Alphatier-Tollwut-Zampanitis\/dp\/3868815406\/ref=pd_sim_b_5?ie=UTF8&amp;refRID=10WDHTGHN5KWXXJM0591&amp;tag=klausschusman-21\" target=\"_blank\">Buch bestellen<\/a><img loading=\"lazy\" decoding=\"async\" class=\"zoifldjgickbrbwbzyln idmdpkvdvigbwkjboyrw\" style=\"border: none !important; margin: 0px !important;\" src=\"https:\/\/www.assoc-amazon.de\/e\/ir?t=klausschusman-21&amp;l=as2&amp;o=3&amp;a=3868810382\" alt=\"\" width=\"1\" height=\"1\" border=\"0\" \/> | <a title=\"11 Managements\u00fcnden E-book\" href=\"https:\/\/www.amazon.de\/Manager-Krankheiten-Von-wie-Alphatier-Tollwut-Zampanitis-ebook\/dp\/B00KX473AS\/ref=tmm_kin_swatch_0?_encoding=UTF8&amp;sr=&amp;qid=&amp;tag=klausschusman-21\" target=\"_blank\">E-Book (Kindle) bestellen<\/a><img loading=\"lazy\" decoding=\"async\" class=\"zoifldjgickbrbwbzyln idmdpkvdvigbwkjboyrw\" style=\"border: none !important; margin: 0px !important;\" src=\"https:\/\/www.assoc-amazon.de\/e\/ir?t=klausschusman-21&amp;l=as2&amp;o=3&amp;a=B008OC1SFW\" alt=\"\" width=\"1\" height=\"1\" border=\"0\" \/> | <a title=\"Leseprobe als PDF 11 Managements\u00fcnden\" href=\"https:\/\/www.klausschuster.eu\/wp-content\/uploads\/2014\/07\/Schuster_Manager-Krankheiten_Leseprobe.pdf\" target=\"_blank\">Leseprobe als PDF<\/a><\/p>","protected":false},"excerpt":{"rendered":"<p>Manager-Krankheiten Von A wie Alphatier-Tollwut bis Z wie Zampanitis ISBN: 978-3-86881-540-5 Redline Verlag, M\u00fcnchen 2014 Haarstr\u00e4ubende Geschichten \u00fcber irrsinnig erscheinende Chefs \u2013 wer kennt sie nicht? Da sind beispielsweise die acht hochbezahlten F\u00fchrungskr\u00e4fte, die stundenlang bei Kaffee und Kuchen \u00fcber unbeantwortete Mahnungen schwadronieren, anstatt vorher zu kontrollieren, ob besagte Mahnungen \u00fcberhaupt verschickt wurden. Oder die [&hellip;]<\/p>\n","protected":false},"author":1,"featured_media":759,"parent":14,"menu_order":5,"comment_status":"closed","ping_status":"closed","template":"page-fea-sub.php","meta":{"footnotes":""},"class_list":["post-758","page","type-page","status-publish","has-post-thumbnail","hentry"],"_links":{"self":[{"href":"https:\/\/www.klausschuster.eu\/de\/wp-json\/wp\/v2\/pages\/758","targetHints":{"allow":["GET"]}}],"collection":[{"href":"https:\/\/www.klausschuster.eu\/de\/wp-json\/wp\/v2\/pages"}],"about":[{"href":"https:\/\/www.klausschuster.eu\/de\/wp-json\/wp\/v2\/types\/page"}],"author":[{"embeddable":true,"href":"https:\/\/www.klausschuster.eu\/de\/wp-json\/wp\/v2\/users\/1"}],"replies":[{"embeddable":true,"href":"https:\/\/www.klausschuster.eu\/de\/wp-json\/wp\/v2\/comments?post=758"}],"version-history":[{"count":2,"href":"https:\/\/www.klausschuster.eu\/de\/wp-json\/wp\/v2\/pages\/758\/revisions"}],"predecessor-version":[{"id":848,"href":"https:\/\/www.klausschuster.eu\/de\/wp-json\/wp\/v2\/pages\/758\/revisions\/848"}],"up":[{"embeddable":true,"href":"https:\/\/www.klausschuster.eu\/de\/wp-json\/wp\/v2\/pages\/14"}],"wp:featuredmedia":[{"embeddable":true,"href":"https:\/\/www.klausschuster.eu\/de\/wp-json\/wp\/v2\/media\/759"}],"wp:attachment":[{"href":"https:\/\/www.klausschuster.eu\/de\/wp-json\/wp\/v2\/media?parent=758"}],"curies":[{"name":"wp","href":"https:\/\/api.w.org\/{rel}","templated":true}]}}