{"id":8,"date":"2014-03-04T10:33:47","date_gmt":"2014-03-04T09:33:47","guid":{"rendered":"http:\/\/www.klausschuster.eu\/?page_id=8"},"modified":"2020-06-23T11:59:40","modified_gmt":"2020-06-23T09:59:40","slug":"trainings","status":"publish","type":"page","link":"https:\/\/www.klausschuster.eu\/de\/trainings\/","title":{"rendered":"Trainings"},"content":{"rendered":"<p><\/p>\n<table border=\"0\">\n<tbody>\n<tr>\n<td valign=\"top\" width=\"110\"><img loading=\"lazy\" decoding=\"async\" class=\"alignleft\" title=\"Trainings aus der Praxis\" src=\"http:\/\/www.klausschuster.eu\/wp-content\/uploads\/2014\/03\/trainings-2.jpg\" alt=\"Trainings aus der Praxis\" width=\"94\" height=\"94\" \/><\/td>\n<td valign=\"top\">\n<h2>Trainings aus der Praxis<\/h2>\n<p>Dass die H\u00e4lfte des Trainingsbudgets rausgeworf\u2019nes Geld ist, wei\u00df inzwischen jeder. Das liegt daran, dass in herk\u00f6mmlichen Trainings Wissen vermittelt wird. Was absolut n\u00f6tig, n\u00fctzlich und gut ist. Leider aber nicht ausreichend. Denn Wissen ohne Herz und Verstand kommt in der Praxis nicht an.<\/p>\n<p>Ein Trainer kann zum Beispiel einem Verk\u00e4ufer im Seminarsaal f\u00fcnf Stunden lang nonstop 354 Kriterien f\u00fcr einen erfolgreichen Abschluss vermitteln \u2013 der Verk\u00e4ufer schlie\u00dft danach trotzdem nicht besser ab. Deshalb maltr\u00e4tiere ich den armen Verk\u00e4ufer gleich gar nicht im Seminarsaal. Denn der gesunde Menschenverstand sagt: Trainier den Verk\u00e4ufer (zun\u00e4chst) in seinem nat\u00fcrlichen Umfeld! Beim Kunden. Am Telefon. Bei der Kaltakquise. Beim Nachfassen. Bei der Reklamationsbehandlung. Dort \u00fcberall sehe ich dem Teilnehmer \u00fcber die Schulter, verbessere seine Leistung vor Ort und trainiere dann im In-House-Seminar nur das und genau das, was sich in seiner pers\u00f6nlichen und detailliert erfassten Praxis als verbesserungsw\u00fcrdig herausgestellt hat.<\/p>\n<p>Das mache ich mit Teilnehmern aus allen Funktionsbereichen, Unternehmen, Branchen und Hierarchieebenen.<\/p>\n<ul>\n<li>Exklusiv-Inhouse-Seminar:<br \/>\n<a title=\"11 Managements\u00fcnden. Erkennen &amp; Vermeiden\" href=\"http:\/\/www.klausschuster.eu\/wp-content\/uploads\/2014\/03\/Klaus-Schuster_11-Managements\u00fcnden_Seminar_2016.pdf\" target=\"_blank\">\u00bb11 Managements\u00fcnden. Erkennen &amp; Vermeiden\u00ab<\/a><\/li>\n<li>TOP INHOUSE-Seminar:<br \/>\n<a title=\"Frech verkaufen! Schusters Trau-dich!-Methode\" href=\"http:\/\/www.klausschuster.eu\/wp-content\/uploads\/2014\/03\/Trainings_Frech-verkaufen_Workshop.pdf\" target=\"_blank\">\u00bbFrech verkaufen! Schusters Trau-dich!-Methode\u00ab<\/a><\/li>\n<li><em>Exklusiv-Seminar<\/em><br \/>\nEmotional Leadership<br \/>\n<a href=\"http:\/\/www.klausschuster.eu\/wp-content\/uploads\/2014\/03\/Klaus-Schuster_Emotional-Leadership_Seminar_2016.pdf\" target=\"_blank\">Berge versetzen mit der unbezwingbaren Kraft der Emotion<\/a><\/li>\n<li><em>Exklusiv-Seminar<\/em><strong><br \/>\n<\/strong>Action Management<br \/>\n<a href=\"http:\/\/www.klausschuster.eu\/wp-content\/uploads\/2014\/03\/Klaus-Schuster_Action-Management_Seminar_2015.pdf\" target=\"_blank\">F\u00fchren mit der ganzen Hand: F\u00fcnffach effektiver, schneller, mehr bewegen<\/a><\/li>\n<\/ul>\n<\/td>\n<\/tr>\n<tr>\n<td valign=\"top\" width=\"110\"><img loading=\"lazy\" decoding=\"async\" class=\"alignnone size-full wp-image-489\" title=\"Tina Poje\" src=\"http:\/\/www.klausschuster.eu\/wp-content\/uploads\/2014\/03\/Tina-Poje.jpg\" alt=\"Tina Poje\" width=\"94\" height=\"94\" srcset=\"https:\/\/www.klausschuster.eu\/wp-content\/uploads\/2014\/03\/Tina-Poje.jpg 94w, https:\/\/www.klausschuster.eu\/wp-content\/uploads\/2014\/03\/Tina-Poje-90x90.jpg 90w\" sizes=\"auto, (max-width: 94px) 100vw, 94px\" \/><\/td>\n<td valign=\"top\"><b>Wie kann ich Ihre MitarbeiterInnen besser machen?<\/b><\/p>\n<p>Zeigen Sie mir Ihren Trainingsbedarf. F\u00fcr eine erste Kontaktaufnahme freut sich Tina Poje auf Ihren\u00a0Anruf\u00a0unter +386.40439536 oder Ihre\u00a0<a title=\"tp@klausschuster.eu\" href=\"mailto:tp@klausschuster.eu\">E-Mail<\/a>.<\/td>\n<\/tr>\n<\/tbody>\n<\/table>\n<p><\/p>","protected":false},"excerpt":{"rendered":"<p>Trainings aus der Praxis Dass die H\u00e4lfte des Trainingsbudgets rausgeworf\u2019nes Geld ist, wei\u00df inzwischen jeder. Das liegt daran, dass in herk\u00f6mmlichen Trainings Wissen vermittelt wird. Was absolut n\u00f6tig, n\u00fctzlich und gut ist. Leider aber nicht ausreichend. Denn Wissen ohne Herz und Verstand kommt in der Praxis nicht an. Ein Trainer kann zum Beispiel einem Verk\u00e4ufer [&hellip;]<\/p>\n","protected":false},"author":1,"featured_media":0,"parent":0,"menu_order":0,"comment_status":"closed","ping_status":"closed","template":"page-submenu-trainings.php","meta":{"footnotes":""},"class_list":["post-8","page","type-page","status-publish","hentry"],"_links":{"self":[{"href":"https:\/\/www.klausschuster.eu\/de\/wp-json\/wp\/v2\/pages\/8","targetHints":{"allow":["GET"]}}],"collection":[{"href":"https:\/\/www.klausschuster.eu\/de\/wp-json\/wp\/v2\/pages"}],"about":[{"href":"https:\/\/www.klausschuster.eu\/de\/wp-json\/wp\/v2\/types\/page"}],"author":[{"embeddable":true,"href":"https:\/\/www.klausschuster.eu\/de\/wp-json\/wp\/v2\/users\/1"}],"replies":[{"embeddable":true,"href":"https:\/\/www.klausschuster.eu\/de\/wp-json\/wp\/v2\/comments?post=8"}],"version-history":[{"count":2,"href":"https:\/\/www.klausschuster.eu\/de\/wp-json\/wp\/v2\/pages\/8\/revisions"}],"predecessor-version":[{"id":824,"href":"https:\/\/www.klausschuster.eu\/de\/wp-json\/wp\/v2\/pages\/8\/revisions\/824"}],"wp:attachment":[{"href":"https:\/\/www.klausschuster.eu\/de\/wp-json\/wp\/v2\/media?parent=8"}],"curies":[{"name":"wp","href":"https:\/\/api.w.org\/{rel}","templated":true}]}}