{"id":872,"date":"2018-10-16T10:45:34","date_gmt":"2018-10-16T08:45:34","guid":{"rendered":"https:\/\/www.klausschuster.eu\/en\/?page_id=872"},"modified":"2018-10-17T09:50:03","modified_gmt":"2018-10-17T07:50:03","slug":"der-arsch-geht-auch-vorbei","status":"publish","type":"page","link":"https:\/\/www.klausschuster.eu\/de\/buecher\/der-arsch-geht-auch-vorbei\/","title":{"rendered":"Der Arsch geht auch vorbei"},"content":{"rendered":"<p><strong>Der Arsch geht auch vorbei<\/strong><br \/>\nWie Sie sich gegen schlechte Chefs und andere Zumutungen des Arbeitsalltags wehren k\u00f6nnen<br \/>\n<span style=\"font-size: x-small;\">ISBN: 978-3868817188<\/span><br \/>\n<span style=\"font-size: x-small;\">Redline Verlag, M\u00fcnchen 2018<\/span><\/p>\n<p>Vielen Menschen geht es \u00e4hnlich: sie f\u00fchlen sich wie ein Hamster im Laufrad und sind obendrein mit Arschloch-Chefs und Kollegenschweinen gestraft, die ihnen das Arbeitsleben zur H\u00f6lle machen. Da kann doch kein Mensch vern\u00fcnftig arbeiten! Wer beim Gedanken an den Wahnsinn in unserem Arbeitsalltag bereits von Mordgel\u00fcsten geplagt wird, der h\u00e4lt das richtige Buch in seinen H\u00e4nden!<\/p>\n<p>Klaus Schuster liefert in Der Arsch geht auch vorbei bestechend einfache und effektive Anti-Arschloch-Strategien, deren Umsetzung zwar Mut erfordert, mit denen man sich aber bestens gegen den Querulanten-Chef, die Mobber-Kollegen und andere St\u00f6rfaktoren im Arbeitsalltag erfolgreich und nachhaltig zur Wehr setzen kann.<\/p>\n<p>Ein Buch f\u00fcr alle, die zuk\u00fcnftig mit mehr Gelassenheit zur Arbeit gehen wollen!<\/p>\n<p><a title=\"11 Managements\u00fcnden Buch bestellen\" href=\"https:\/\/www.amazon.de\/Arsch-geht-auch-vorbei-Arbeitsalltags\/dp\/3868817182\/ref=sr_1_1?ie=UTF8&amp;qid=1539663841&amp;sr=8-1&amp;keywords=der+arsch+geht+auch+vorbei\" target=\"_blank\" rel=\"noopener\">Buch bestellen<\/a><img loading=\"lazy\" decoding=\"async\" class=\"zoifldjgickbrbwbzyln idmdpkvdvigbwkjboyrw\" style=\"border: none !important; margin: 0px !important;\" src=\"https:\/\/www.assoc-amazon.de\/e\/ir?t=klausschusman-21&amp;l=as2&amp;o=3&amp;a=3868810382\" alt=\"\" width=\"1\" height=\"1\" border=\"0\" \/> | <a title=\"11 Managements\u00fcnden E-book\" href=\"https:\/\/www.amazon.de\/Arsch-geht-auch-vorbei-Arbeitsalltags-ebook\/dp\/B07D76XHQ7\/ref=tmm_kin_swatch_0?_encoding=UTF8&amp;qid=1539663841&amp;sr=8-1\" target=\"_blank\" rel=\"noopener\">E-Book (Kindle) bestellen<\/a><img loading=\"lazy\" decoding=\"async\" class=\"zoifldjgickbrbwbzyln idmdpkvdvigbwkjboyrw\" style=\"border: none !important; margin: 0px !important;\" src=\"https:\/\/www.assoc-amazon.de\/e\/ir?t=klausschusman-21&amp;l=as2&amp;o=3&amp;a=B008OC1SFW\" alt=\"\" width=\"1\" height=\"1\" border=\"0\" \/> | <a href=\"https:\/\/www.klausschuster.eu\/wp-content\/uploads\/2018\/10\/Schusters_Der_Arsch_Leseprobe.pdf\" target=\"_blank\" rel=\"noopener\">Leseprobe als PDF<\/a><\/p>","protected":false},"excerpt":{"rendered":"<p>Der Arsch geht auch vorbei Wie Sie sich gegen schlechte Chefs und andere Zumutungen des Arbeitsalltags wehren k\u00f6nnen ISBN: 978-3868817188 Redline Verlag, M\u00fcnchen 2018 Vielen Menschen geht es \u00e4hnlich: sie f\u00fchlen sich wie ein Hamster im Laufrad und sind obendrein mit Arschloch-Chefs und Kollegenschweinen gestraft, die ihnen das Arbeitsleben zur H\u00f6lle machen. Da kann doch [&hellip;]<\/p>\n","protected":false},"author":1,"featured_media":874,"parent":14,"menu_order":6,"comment_status":"closed","ping_status":"closed","template":"page-fea-sub.php","meta":{"footnotes":""},"class_list":["post-872","page","type-page","status-publish","has-post-thumbnail","hentry"],"_links":{"self":[{"href":"https:\/\/www.klausschuster.eu\/de\/wp-json\/wp\/v2\/pages\/872","targetHints":{"allow":["GET"]}}],"collection":[{"href":"https:\/\/www.klausschuster.eu\/de\/wp-json\/wp\/v2\/pages"}],"about":[{"href":"https:\/\/www.klausschuster.eu\/de\/wp-json\/wp\/v2\/types\/page"}],"author":[{"embeddable":true,"href":"https:\/\/www.klausschuster.eu\/de\/wp-json\/wp\/v2\/users\/1"}],"replies":[{"embeddable":true,"href":"https:\/\/www.klausschuster.eu\/de\/wp-json\/wp\/v2\/comments?post=872"}],"version-history":[{"count":2,"href":"https:\/\/www.klausschuster.eu\/de\/wp-json\/wp\/v2\/pages\/872\/revisions"}],"predecessor-version":[{"id":886,"href":"https:\/\/www.klausschuster.eu\/de\/wp-json\/wp\/v2\/pages\/872\/revisions\/886"}],"up":[{"embeddable":true,"href":"https:\/\/www.klausschuster.eu\/de\/wp-json\/wp\/v2\/pages\/14"}],"wp:featuredmedia":[{"embeddable":true,"href":"https:\/\/www.klausschuster.eu\/de\/wp-json\/wp\/v2\/media\/874"}],"wp:attachment":[{"href":"https:\/\/www.klausschuster.eu\/de\/wp-json\/wp\/v2\/media?parent=872"}],"curies":[{"name":"wp","href":"https:\/\/api.w.org\/{rel}","templated":true}]}}