{"id":95,"date":"2014-03-10T10:26:35","date_gmt":"2014-03-10T10:26:35","guid":{"rendered":"http:\/\/www.klausschuster.eu\/?page_id=95"},"modified":"2014-05-30T12:14:11","modified_gmt":"2014-05-30T10:14:11","slug":"newsletter","status":"publish","type":"page","link":"https:\/\/www.klausschuster.eu\/de\/management-letter\/","title":{"rendered":"Management Letter"},"content":{"rendered":"<p>Gesch\u00e4tzter Manager, verehrte F\u00fchrungskraft,<br \/>\nnicht alle Menschen bekommen die Gelegenheit \u2013 in aller Bescheidenheit \u2013 regelm\u00e4\u00dfig mit einem Spitzencoach und Bestsellerautor zu konferieren. Diese Chance bietet sich Ihnen heute \u2013 wenn Sie m\u00f6chten. Ganz zu Beginn meiner T\u00e4tigkeit \u2013 als mich nur wenige kannten \u2013 korrespondierte ich mit diesen wenigen Auserw\u00e4hlten. Weil sie wissen wollten, was ich gerade Interessantes treibe. Weil sie als erste neueste Trends und tiefsch\u00fcrfende Erkenntnisse aus der Managementpraxis erfahren wollten. Im Laufe der Jahre wuchs dieser exklusive Zirkel Vertrauter, Interessierter und Engagierter. Dass Sie es sind \u2013 \u00fcberdurchschnittlich engagiert und interessiert \u2013 erkenne ich daran, dass Sie imstande sind, einen Text, n\u00e4mlich diesen Text, semantisch zu erfassen, der Twitterl\u00e4nge \u00fcberschreitet (herzlich willkommen bei der Zivilisationselite \u2013 o tempora!). Wenn Sie dieses Interesse vertiefen m\u00f6chten, w\u00fcrden Sie sicher davon profitieren \u2013 und ich mich sehr freuen. Denn es gibt nicht gerade viele von uns. Von denen, die reflektieren, was sie tun. Die erfassen, was sie bewegen. Der Management Letter erscheint einmal im Monat und wird an Sie pers\u00f6nlich versendet. Interesse? Sie kennen das Procedere. Auf bald! Wir lesen uns. Herzlich willkommen in einem ganz erlesenen Kreis.<\/p>\n<p>\n<div class=\"wpcf7 no-js\" id=\"wpcf7-f530-o1\" lang=\"de-DE\" dir=\"ltr\" data-wpcf7-id=\"530\">\n<div class=\"screen-reader-response\"><p role=\"status\" aria-live=\"polite\" aria-atomic=\"true\"><\/p> <ul><\/ul><\/div>\n<form action=\"\/de\/wp-json\/wp\/v2\/pages\/95#wpcf7-f530-o1\" method=\"post\" class=\"wpcf7-form init\" aria-label=\"Kontaktformular\" novalidate=\"novalidate\" data-status=\"init\">\n<fieldset class=\"hidden-fields-container\"><input type=\"hidden\" name=\"_wpcf7\" value=\"530\" \/><input type=\"hidden\" name=\"_wpcf7_version\" value=\"6.1.5\" \/><input type=\"hidden\" name=\"_wpcf7_locale\" value=\"de_DE\" \/><input type=\"hidden\" name=\"_wpcf7_unit_tag\" value=\"wpcf7-f530-o1\" \/><input type=\"hidden\" name=\"_wpcf7_container_post\" value=\"0\" \/><input type=\"hidden\" name=\"_wpcf7_posted_data_hash\" value=\"\" \/>\n<\/fieldset>\n<table class=\"obrazec\">\n\t<tr>\n\t\t<td align=\"left\" valign=\"top\">\n\t\t\t<p>Vorname\n\t\t\t<\/p>\n\t\t<\/td>\n\t\t<td align=\"left\" valign=\"top\">\n\t\t\t<p><span class=\"wpcf7-form-control-wrap\" data-name=\"vorname\"><input size=\"40\" maxlength=\"400\" class=\"wpcf7-form-control wpcf7-text wpcf7-validates-as-required\" aria-required=\"true\" aria-invalid=\"false\" value=\"\" type=\"text\" name=\"vorname\" \/><\/span>\n\t\t\t<\/p>\n\t\t<\/td>\n\t<\/tr>\n\t<tr>\n\t\t<td align=\"left\" valign=\"top\">\n\t\t\t<p>Familienname\n\t\t\t<\/p>\n\t\t<\/td>\n\t\t<td align=\"left\" valign=\"top\">\n\t\t\t<p><span class=\"wpcf7-form-control-wrap\" data-name=\"fname\"><input size=\"40\" maxlength=\"400\" class=\"wpcf7-form-control wpcf7-text wpcf7-validates-as-required\" aria-required=\"true\" aria-invalid=\"false\" value=\"\" type=\"text\" name=\"fname\" \/><\/span>\n\t\t\t<\/p>\n\t\t<\/td>\n\t<\/tr>\n\t<tr>\n\t\t<td align=\"left\" valign=\"top\">\n\t\t\t<p>Firma\/Besch\u00e4ftigung\n\t\t\t<\/p>\n\t\t<\/td>\n\t\t<td align=\"left\" valign=\"top\">\n\t\t\t<p><span class=\"wpcf7-form-control-wrap\" data-name=\"firma\"><input size=\"40\" maxlength=\"400\" class=\"wpcf7-form-control wpcf7-text wpcf7-validates-as-required\" aria-required=\"true\" aria-invalid=\"false\" value=\"\" type=\"text\" name=\"firma\" \/><\/span>\n\t\t\t<\/p>\n\t\t<\/td>\n\t<\/tr>\n\t<tr>\n\t\t<td align=\"left\" valign=\"top\">\n\t\t\t<p>Telefon\n\t\t\t<\/p>\n\t\t<\/td>\n\t\t<td align=\"left\" valign=\"top\">\n\t\t\t<p><span class=\"wpcf7-form-control-wrap\" data-name=\"phone\"><input size=\"40\" maxlength=\"400\" class=\"wpcf7-form-control wpcf7-text wpcf7-validates-as-required\" aria-required=\"true\" aria-invalid=\"false\" value=\"\" type=\"text\" name=\"phone\" \/><\/span>\n\t\t\t<\/p>\n\t\t<\/td>\n\t<\/tr>\n\t<tr>\n\t\t<td align=\"left\" valign=\"top\">\n\t\t\t<p>&nbsp;\n\t\t\t<\/p>\n\t\t<\/td>\n\t\t<td align=\"left\" valign=\"top\">\n\t\t\t<p><small>(bitte verwenden Sie dieses Format: +386.41235678)<\/small>\n\t\t\t<\/p>\n\t\t<\/td>\n\t<\/tr>\n\t<tr>\n\t\t<td align=\"left\" valign=\"top\">\n\t\t\t<p>E-Mail Adresse\n\t\t\t<\/p>\n\t\t<\/td>\n\t\t<td align=\"left\" valign=\"top\">\n\t\t\t<p><span class=\"wpcf7-form-control-wrap\" data-name=\"email\"><input size=\"40\" maxlength=\"400\" class=\"wpcf7-form-control wpcf7-email wpcf7-validates-as-required wpcf7-text wpcf7-validates-as-email\" aria-required=\"true\" aria-invalid=\"false\" value=\"\" type=\"email\" name=\"email\" \/><\/span>\n\t\t\t<\/p>\n\t\t<\/td>\n\t<\/tr>\n\t<tr>\n\t\t<td align=\"left\" valign=\"top\">\n\t\t\t<p>Staat\n\t\t\t<\/p>\n\t\t<\/td>\n\t\t<td align=\"left\" valign=\"top\">\n\t\t\t<p><span class=\"wpcf7-form-control-wrap\" data-name=\"menu-20\"><select class=\"wpcf7-form-control wpcf7-select\" aria-invalid=\"false\" name=\"menu-20\"><option value=\"\">&#8211; Bitte ausw\u00e4hlen &#8211;<\/option><option value=\"Albania\">Albania<\/option><option value=\"Andorra\">Andorra<\/option><option value=\"Armenia\">Armenia<\/option><option value=\"Austria\">Austria<\/option><option value=\"Azerbaijan\">Azerbaijan<\/option><option value=\"Belarus\">Belarus<\/option><option value=\"Belgium\">Belgium<\/option><option value=\"Bosnia &amp; Herzegovina\">Bosnia &amp; Herzegovina<\/option><option value=\"Bulgaria\">Bulgaria<\/option><option value=\"Croatia\">Croatia<\/option><option value=\"Cyprus\">Cyprus<\/option><option value=\"Czech Republic\">Czech Republic<\/option><option value=\"Denmark\">Denmark<\/option><option value=\"Estonia\">Estonia<\/option><option value=\"Finland\">Finland<\/option><option value=\"France\">France<\/option><option value=\"Georgia\">Georgia<\/option><option value=\"Germany\">Germany<\/option><option value=\"Gibraltar\">Gibraltar<\/option><option value=\"Great Britain\">Great Britain<\/option><option value=\"Greece\">Greece<\/option><option value=\"Hungary\">Hungary<\/option><option value=\"Iceland\">Iceland<\/option><option value=\"Ireland\">Ireland<\/option><option value=\"Italy\">Italy<\/option><option value=\"Latvia\">Latvia<\/option><option value=\"Liechtenstein\">Liechtenstein<\/option><option value=\"Lithuania\">Lithuania<\/option><option value=\"Luxembourg\">Luxembourg<\/option><option value=\"Macedonia\">Macedonia<\/option><option value=\"Malta\">Malta<\/option><option value=\"Moldova\">Moldova<\/option><option value=\"Monaco\">Monaco<\/option><option value=\"Montenegro\">Montenegro<\/option><option value=\"Netherlands\">Netherlands<\/option><option value=\"Norway\">Norway<\/option><option value=\"Poland\">Poland<\/option><option value=\"Portugal\">Portugal<\/option><option value=\"Romania\">Romania<\/option><option value=\"Russia\">Russia<\/option><option value=\"San Marino\">San Marino<\/option><option value=\"Serbia\">Serbia<\/option><option value=\"Slovakia\">Slovakia<\/option><option value=\"Slovenia\">Slovenia<\/option><option value=\"Spain\">Spain<\/option><option value=\"Sweden\">Sweden<\/option><option value=\"Switzerland\">Switzerland<\/option><option value=\"Turkey\">Turkey<\/option><option value=\"Ukraine\">Ukraine<\/option><option value=\"United Kingdom\">United Kingdom<\/option><option value=\"Vatican City State\">Vatican City State<\/option><option value=\"Other (Africa)\">Other (Africa)<\/option><option value=\"Other (Asia)\">Other (Asia)<\/option><option value=\"Other (North America)\">Other (North America)<\/option><option value=\"Other (South America)\">Other (South America)<\/option><option value=\"Other (Oceania)\">Other (Oceania)<\/option><\/select><\/span>\n\t\t\t<\/p>\n\t\t<\/td>\n\t<\/tr>\n\t<tr>\n\t\t<td align=\"left\" valign=\"top\">\n\t\t\t<p>Bevorzugte Sprache:\n\t\t\t<\/p>\n\t\t<\/td>\n\t\t<td align=\"left\" valign=\"top\">\n\t\t\t<p><span class=\"wpcf7-form-control-wrap\" data-name=\"menu-30\"><select class=\"wpcf7-form-control wpcf7-select\" aria-invalid=\"false\" name=\"menu-30\"><option value=\"\">&#8211; Bitte ausw\u00e4hlen &#8211;<\/option><option value=\"Deutsch\">Deutsch<\/option><option value=\"Slovensko\">Slovensko<\/option><option value=\"English\">English<\/option><\/select><\/span>\n\t\t\t<\/p>\n\t\t<\/td>\n\t<\/tr>\n\t<tr>\n\t\t<td colspan=\"2\" align=\"left\" valign=\"top\">\n\t\t\t<p><small>* ALLE Felder sind erforderlich<\/small>\n\t\t\t<\/p>\n\t\t<\/td>\n\t<\/tr>\n\t<tr>\n\t\t<td align=\"left\" valign=\"top\">\n\t\t\t<p>&nbsp;\n\t\t\t<\/p>\n\t\t<\/td>\n\t\t<td align=\"center\" valign=\"top\">\n\t\t\t<p><input class=\"wpcf7-form-control wpcf7-submit has-spinner\" type=\"submit\" value=\"Abonnieren\" \/>\n\t\t\t<\/p>\n\t\t<\/td>\n\t<\/tr>\n<\/table><div class=\"wpcf7-response-output\" aria-hidden=\"true\"><\/div>\n<\/form>\n<\/div>\n<\/p>","protected":false},"excerpt":{"rendered":"<p>Gesch\u00e4tzter Manager, verehrte F\u00fchrungskraft, nicht alle Menschen bekommen die Gelegenheit \u2013 in aller Bescheidenheit \u2013 regelm\u00e4\u00dfig mit einem Spitzencoach und Bestsellerautor zu konferieren. Diese Chance bietet sich Ihnen heute \u2013 wenn Sie m\u00f6chten. Ganz zu Beginn meiner T\u00e4tigkeit \u2013 als mich nur wenige kannten \u2013 korrespondierte ich mit diesen wenigen Auserw\u00e4hlten. Weil sie wissen wollten, [&hellip;]<\/p>\n","protected":false},"author":1,"featured_media":0,"parent":0,"menu_order":0,"comment_status":"closed","ping_status":"closed","template":"","meta":{"footnotes":""},"class_list":["post-95","page","type-page","status-publish","hentry"],"_links":{"self":[{"href":"https:\/\/www.klausschuster.eu\/de\/wp-json\/wp\/v2\/pages\/95","targetHints":{"allow":["GET"]}}],"collection":[{"href":"https:\/\/www.klausschuster.eu\/de\/wp-json\/wp\/v2\/pages"}],"about":[{"href":"https:\/\/www.klausschuster.eu\/de\/wp-json\/wp\/v2\/types\/page"}],"author":[{"embeddable":true,"href":"https:\/\/www.klausschuster.eu\/de\/wp-json\/wp\/v2\/users\/1"}],"replies":[{"embeddable":true,"href":"https:\/\/www.klausschuster.eu\/de\/wp-json\/wp\/v2\/comments?post=95"}],"version-history":[{"count":2,"href":"https:\/\/www.klausschuster.eu\/de\/wp-json\/wp\/v2\/pages\/95\/revisions"}],"predecessor-version":[{"id":722,"href":"https:\/\/www.klausschuster.eu\/de\/wp-json\/wp\/v2\/pages\/95\/revisions\/722"}],"wp:attachment":[{"href":"https:\/\/www.klausschuster.eu\/de\/wp-json\/wp\/v2\/media?parent=95"}],"curies":[{"name":"wp","href":"https:\/\/api.w.org\/{rel}","templated":true}]}}